{"id":105,"date":"2025-08-05T18:30:32","date_gmt":"2025-08-05T16:30:32","guid":{"rendered":"https:\/\/join.lpp.com\/az\/?page_id=105"},"modified":"2025-08-05T18:30:32","modified_gmt":"2025-08-05T16:30:32","slug":"cookies-policy","status":"publish","type":"page","link":"https:\/\/join.lpp.com\/az\/cookies-policy\/","title":{"rendered":"Cookies Policy"},"content":{"rendered":"<p><b><span data-contrast=\"none\">Kukil\u0259r (&#8222;Cookies&#8221;) Siyas\u0259ti<\/span><\/b><span data-ccp-props=\"{}\">\u00a0<\/span><\/p>\n<p><span data-contrast=\"none\">Veb sayt\u0131m\u0131zdan istifad\u0259 ed\u0259rk\u0259n rahatl\u0131q v\u0259 t\u0259hl\u00fck\u0259sizliyin t\u0259min edilm\u0259si m\u0259qs\u0259dil\u0259 istifad\u0259 etdiyiniz brauzer haqq\u0131nda m\u0259lumat toplayan \u201ckukil\u0259r\u201d v\u0259 ya sair texnologiyalardan istifad\u0259 edirik. \u0130st\u0259kl\u0259rinizl\u0259 ba\u011fl\u0131 se\u00e7im etm\u0259niz \u00fc\u00e7\u00fcn istifad\u0259 etdiyimiz kukil\u0259rl\u0259 ba\u011fl\u0131 m\u0259lumatlar\u0131 m\u00fcvafiq banner formas\u0131nda t\u0259qdim edirik. M\u0259xfi m\u0259lumatlar\u0131n\u0131za h\u00f6rm\u0259tl\u0259 yana\u015f\u0131r\u0131q, buna g\u00f6r\u0259 d\u0259 Siz ist\u0259nil\u0259n vaxt kukil\u0259r parametrl\u0259rind\u0259 d\u0259yi\u015fiklikl\u0259r ed\u0259 bil\u0259rsiniz. Brauzerl\u0259rin \u0259ks\u0259riyy\u0259tind\u0259 Siz kuki parametrl\u0259rini n\u0259z\u0259rd\u0259n ke\u00e7ir\u0259, sil\u0259 v\u0259 idar\u0259 ed\u0259 bil\u0259rsiniz. \u018flav\u0259 m\u0259lumat ke\u00e7id edin: M\u0259xfilik siyas\u0259ti, Kukil\u0259r siyah\u0131s\u0131, Etibarl\u0131 t\u0259r\u0259fda\u015flar\u0131n siyah\u0131s\u0131.<\/span><span data-ccp-props=\"{}\">\u00a0<\/span><\/p>\n<p><span data-ccp-props=\"{}\">\u00a0<\/span><\/p>\n<p><b><span data-contrast=\"none\">Kukil\u0259r n\u0259dir?<\/span><\/b><span data-ccp-props=\"{}\">\u00a0<\/span><\/p>\n<p><span data-contrast=\"none\">Kukil\u0259r server t\u0259r\u0259find\u0259n g\u00f6nd\u0259ril\u0259n v\u0259 terminal avadanl\u0131qlar\u0131nda (m\u0259s\u0259l\u0259n, komp\u00fcter, smartfon) saxlan\u0131lan ki\u00e7ik m\u0259tn fayllar\u0131d\u0131r. Onlar \u015firk\u0259tin i\u015fg\u00fczar f\u0259aliyy\u0259tinin xarakteri, kommunikasiya ax\u0131n\u0131, i\u015fg\u00fczar \u0259laq\u0259l\u0259rin qorunmas\u0131 v\u0259 vebsayt\u0131n se\u00e7iml\u0259riniz\u0259 uy\u011funla\u015fd\u0131r\u0131lmas\u0131 bax\u0131m\u0131ndan vebsayt\u0131n s\u0259m\u0259r\u0259li i\u015fl\u0259m\u0259si \u00fc\u00e7\u00fcn t\u0259l\u0259b olunan m\u0259lumatlar\u0131, habel\u0259 analitik v\u0259 statistik m\u0259lumatlar\u0131 yadda saxlay\u0131r. Kukil\u0259r cihaza he\u00e7 bir t\u0259sir g\u00f6st\u0259rmir v\u0259 son cihaz\u0131n konfiqurasiyas\u0131n\u0131 d\u0259yi\u015fmir. N\u00f6v\u00fcnd\u0259n as\u0131l\u0131 olaraq, brauzer ba\u011fland\u0131qda onlar silinir (sessiya fayllar\u0131) v\u0259 ya m\u00fc\u0259yy\u0259n m\u00fcdd\u0259t \u0259rzind\u0259 cihazda saxlan\u0131l\u0131r (daimi fayllar). Kukil\u0259r xidm\u0259tl\u0259rimizi t\u0259kmill\u0259\u015fdirm\u0259y\u0259 k\u00f6m\u0259k edir.<\/span><span data-ccp-props=\"{}\">\u00a0<\/span><\/p>\n<p><b><span data-contrast=\"none\">Kuki adlanan hans\u0131 texnologiyalardan istifad\u0259 edirik?<\/span><\/b><span data-ccp-props=\"{&quot;134233117&quot;:true,&quot;134233118&quot;:true,&quot;201341983&quot;:0,&quot;335559740&quot;:240}\">\u00a0<\/span><\/p>\n<p><span data-contrast=\"none\">Vebsayt\u0131m\u0131z \u015eirk\u0259tin vebsayt\u0131n\u0131n d\u00fczg\u00fcn i\u015fl\u0259m\u0259sini t\u0259min etm\u0259k m\u0259qs\u0259dil\u0259 funksional, analitik v\u0259 t\u0259\u015fviq m\u0259qs\u0259dl\u0259ri \u00fc\u00e7\u00fcn terminal cihaz\u0131nda m\u0259lumatlar\u0131 saxlayan texnologiyalardan istifad\u0259 edir. Vebsayt kukil\u0259r\u0259 ox\u015far funksiyalardan istifad\u0259 ed\u0259 bil\u0259r (m\u0259s\u0259l\u0259n, yerli yadda\u015f), bel\u0259likl\u0259 burada t\u0259qdim edil\u0259n m\u0259lumatlar da bu texnologiyalara aiddir. Onlar vebsaytdan s\u0259m\u0259r\u0259li istifad\u0259ni t\u0259min etm\u0259k \u00fc\u00e7\u00fcn kukil\u0259ri t\u0259tbiq edir v\u0259 vebsaytda m\u00fc\u0259yy\u0259n funksiyalara v\u0259 ya xidm\u0259tl\u0259r\u0259 giri\u015fin t\u0259min edilm\u0259si m\u0259qs\u0259dl\u0259ri \u00fc\u00e7\u00fcn m\u0259lumatlar\u0131 toplay\u0131r v\u0259 yadda saxlay\u0131r.<\/span><span data-ccp-props=\"{&quot;134233117&quot;:true,&quot;134233118&quot;:true,&quot;201341983&quot;:0,&quot;335559740&quot;:240}\">\u00a0<\/span><\/p>\n<p><b><span data-contrast=\"none\">Kuki adlanan texnologiya kiml\u0259r\u0259 t\u0259sir edir?<\/span><\/b><span data-ccp-props=\"{&quot;134233117&quot;:true,&quot;134233118&quot;:true,&quot;201341983&quot;:0,&quot;335559740&quot;:240}\">\u00a0<\/span><\/p>\n<p><span data-contrast=\"none\">Kuki texnologiyas\u0131 (v\u0259 ya kukil\u0259r\u0259 ox\u015far funksiya) Siz h\u0259r d\u0259f\u0259 vebsayt\u0131m\u0131za daxil olduqda istifad\u0259 olunur. Fayllar se\u00e7iml\u0259riniz v\u0259 cihaz parametrl\u0259rinizd\u0259n (m\u0259s. brauzerinizin parametrl\u0259ri) as\u0131l\u0131 olan \u015f\u0259kild\u0259 saxlan\u0131l\u0131r.<\/span><span data-ccp-props=\"{&quot;134233117&quot;:true,&quot;134233118&quot;:true,&quot;201341983&quot;:0,&quot;335559740&quot;:240}\">\u00a0<\/span><\/p>\n<p><span data-ccp-props=\"{&quot;134233117&quot;:true,&quot;134233118&quot;:true,&quot;201341983&quot;:0,&quot;335559740&quot;:240}\">\u00a0<\/span><\/p>\n<p><span data-ccp-props=\"{&quot;134233117&quot;:true,&quot;134233118&quot;:true,&quot;201341983&quot;:0,&quot;335559740&quot;:240}\">\u00a0<\/span><\/p>\n<p><b><span data-contrast=\"none\">Kukil\u0259r f\u0259rdi m\u0259lumatlar\u0131 yadda saxlay\u0131rm\u0131?<\/span><\/b><span data-ccp-props=\"{&quot;134233117&quot;:true,&quot;134233118&quot;:true,&quot;201341983&quot;:0,&quot;335559740&quot;:240}\">\u00a0<\/span><\/p>\n<p><span data-contrast=\"none\">Yadda saxlan\u0131lan m\u0259lumatda birba\u015fa sizi m\u00fc\u0259yy\u0259n ed\u0259 bil\u0259n f\u0259rdi m\u0259lumatlar yoxdur. Bu m\u0259lumatlar\u0131n m\u00fc\u0259yy\u0259n hiss\u0259si, o c\u00fcml\u0259d\u0259n \u015firk\u0259tin f\u0259aliyy\u0259ti, i\u015fg\u00fczar \u0259laq\u0259l\u0259rin qorunub saxlanmas\u0131, xidm\u0259tl\u0259rin t\u0259\u015fviqi v\u0259 kommunikasiya il\u0259 ba\u011fl\u0131 informasiya ax\u0131n\u0131 n\u0259tic\u0259sind\u0259 \u0259ld\u0259 edil\u0259n m\u0259lumatlar f\u0259rdi m\u0259lumatlara \u00e7evril\u0259 bil\u0259r. M\u00fcvafiq olaraq, M\u0259xfilik Siyas\u0259tinin f\u0259rdi m\u0259lumatlara, x\u00fcsus\u0259n d\u0259 m\u0259lumat subyektinin h\u00fcquqlar\u0131na aid m\u00fcdd\u0259alar\u0131 t\u0259tbiq edilir. Kukil\u0259r\u0259 \u00e7\u0131x\u0131\u015f\u0131 olan v\u0259 ya bizim ad\u0131m\u0131zdan kukil\u0259ri t\u0259tbiq ed\u0259n etibarl\u0131 t\u0259r\u0259fda\u015flarla ba\u011fl\u0131 m\u0259lumatlar Etibarl\u0131 t\u0259r\u0259fda\u015flar siyah\u0131s\u0131nda t\u0259qdim edilir.<\/span><span data-ccp-props=\"{&quot;134233117&quot;:true,&quot;134233118&quot;:true,&quot;201341983&quot;:0,&quot;335559740&quot;:240}\">\u00a0<\/span><\/p>\n<p><span data-ccp-props=\"{&quot;134233117&quot;:true,&quot;134233118&quot;:true,&quot;201341983&quot;:0,&quot;335559740&quot;:240}\">\u00a0<\/span><\/p>\n<p><b><span data-contrast=\"none\">Kukil\u0259rd\u0259n hans\u0131 m\u0259qs\u0259dl\u0259 istifad\u0259 edirik?<\/span><\/b><span data-ccp-props=\"{&quot;134233117&quot;:true,&quot;134233118&quot;:true,&quot;201341983&quot;:0,&quot;335559740&quot;:240}\">\u00a0<\/span><\/p>\n<p><span data-contrast=\"none\">Kukil\u0259r \u015eirk\u0259tin d\u00fczg\u00fcn qaydada i\u015fl\u0259y\u0259n veb sayt\u0131n\u0131n istifad\u0259si \u00fc\u00e7\u00fcn vacibdir. Bu m\u0259qs\u0259dl\u0259, yadda saxlan\u0131lan m\u0259lumatlara a\u015fa\u011f\u0131dak\u0131lar aid edilir:<\/span><span data-ccp-props=\"{&quot;134233117&quot;:true,&quot;134233118&quot;:true,&quot;201341983&quot;:0,&quot;335559740&quot;:240}\">\u00a0<\/span><\/p>\n<ul>\n<li><span data-contrast=\"none\"> M\u0259hdud d\u0259r\u0259c\u0259d\u0259 m\u0259zmunun n\u00fcmayi\u015fi v\u0259 n\u0259z\u0259rd\u0259n ke\u00e7irilm\u0259si,<\/span><\/li>\n<li><span data-contrast=\"none\"> vebsaytda naviqasiya, \u015eirk\u0259tin f\u0259aliyy\u0259tinin xarakteri v\u0259 profili il\u0259 \u0259laq\u0259li kommunikasiyalar\u0131n oxunmas\u0131,<\/span><\/li>\n<li><span data-contrast=\"none\"> i\u015fg\u00fczar \u0259laq\u0259l\u0259rin saxlan\u0131lmas\u0131 il\u0259 ba\u011fl\u0131 m\u0259zmuna \u00e7\u0131x\u0131\u015f,<\/span><\/li>\n<li><span data-contrast=\"none\"> n\u00fcmayi\u015f edil\u0259n m\u0259zmunun optimalla\u015fd\u0131r\u0131lmas\u0131 v\u0259 s\u0259m\u0259r\u0259liliyi,<\/span><\/li>\n<li><span data-contrast=\"none\"> dinamik m\u0259zmunun t\u0259tbiqi (m\u0259tn v\u0259 ya \u015f\u0259kil y\u00fckl\u0259m\u0259 animasiyas\u0131),<\/span><\/li>\n<li><span data-contrast=\"none\"> t\u0259hl\u00fck\u0259sizliyin t\u0259min edilm\u0259si.<\/span><\/li>\n<\/ul>\n<p><span data-contrast=\"none\">\u018fsas kukil\u0259rd\u0259n istifad\u0259 \u00fc\u00e7\u00fcn raz\u0131l\u0131\u011f\u0131n\u0131z t\u0259l\u0259b olunmur. \u018fsas kukil\u0259r standart olaraq saxlan\u0131l\u0131r ki, bu da x\u00fcsusi m\u0259zmunu n\u00fcmayi\u015f etm\u0259y\u0259 v\u0259 ya istifad\u0259\u00e7inin t\u0259l\u0259b etdiyi xidm\u0259ti g\u00f6st\u0259rm\u0259y\u0259 imkan verir.<\/span><span data-ccp-props=\"{&quot;134233117&quot;:true,&quot;134233118&quot;:true,&quot;201341983&quot;:0,&quot;335559740&quot;:240}\">\u00a0<\/span><\/p>\n<p><span data-contrast=\"none\">Veb sayt\u0131m\u0131zda s\u0259m\u0259r\u0259li v\u0259 t\u0259hl\u00fck\u0259siz t\u0259cr\u00fcb\u0259 t\u0259min etm\u0259k \u00fc\u00e7\u00fcn funksional v\u0259 f\u0259rdil\u0259\u015fdirm\u0259 kukil\u0259ri a\u015fa\u011f\u0131dak\u0131 m\u0259lumatlar\u0131 yadda saxlay\u0131r:<\/span><span data-ccp-props=\"{&quot;134233117&quot;:true,&quot;134233118&quot;:true,&quot;201341983&quot;:0,&quot;335559740&quot;:240}\">\u00a0<\/span><\/p>\n<ol>\n<li><span data-contrast=\"none\"> parametrl\u0259ri se\u00e7m\u0259k,<\/span><\/li>\n<li><span data-contrast=\"none\"> se\u00e7iml\u0259ri yadda saxlamaq,<\/span><\/li>\n<li><span data-contrast=\"none\"> istifad\u0259\u00e7inin se\u00e7iml\u0259rin\u0259 uy\u011fun g\u00f6st\u0259ril\u0259n m\u0259zmun bax\u0131m\u0131ndan istifad\u0259\u00e7inin m\u00fc\u0259yy\u0259n edilm\u0259si.<\/span><\/li>\n<\/ol>\n<p><span data-contrast=\"none\">Analitik kukil\u0259r vebsaytdan istifad\u0259 haqq\u0131nda m\u0259lumatlar\u0131 saxlay\u0131r. Onlar xidm\u0259tl\u0259ri veb saytdan rahat v\u0259 effektiv istifad\u0259ni t\u0259min etm\u0259k \u00fc\u00e7\u00fcn t\u0259qdim olunan m\u0259zmunu t\u0259kmill\u0259\u015fdirm\u0259y\u0259 imkan verir. Analitika sisteml\u0259ri a\u015fa\u011f\u0131dak\u0131 m\u0259lumatlar\u0131 toplay\u0131r:<\/span><span data-ccp-props=\"{&quot;134233117&quot;:true,&quot;134233118&quot;:true,&quot;201341983&quot;:0,&quot;335559740&quot;:240}\">\u00a0<\/span><\/p>\n<ul>\n<li><span data-contrast=\"none\"> vebsayta giri\u015fl\u0259rl\u0259 ba\u011fl\u0131 m\u0259lumatlar\u0131n t\u0259hlili v\u0259 qiym\u0259tl\u0259ndirilm\u0259si,<\/span><\/li>\n<li><span data-contrast=\"none\"> vebsayt\u0131n populyarl\u0131\u011f\u0131n\u0131 qiym\u0259tl\u0259ndirm\u0259k \u00fc\u00e7\u00fcn t\u0259hlil,<\/span><\/li>\n<li><span data-contrast=\"none\"> vebsaytdak\u0131 h\u0259r\u0259k\u0259tl\u0259riniz haqq\u0131nda m\u0259lumatlar (trafik),<\/span><\/li>\n<li><span data-contrast=\"none\"> vebsaytdan istifad\u0259 tarix\u00e7\u0259si,<\/span><\/li>\n<li><span data-contrast=\"none\"> vebsaytda s\u0259rf edil\u0259n vaxt,<\/span><\/li>\n<li><span data-contrast=\"none\"> istifad\u0259 edil\u0259n brauzerin n\u00f6v\u00fc v\u0259 IP \u00fcnvan\u0131 haqq\u0131nda texniki m\u0259lumatlar.<\/span><\/li>\n<\/ul>\n<p><span data-contrast=\"none\">T\u0259\u015fviq kukil\u0259ri \u015firk\u0259timizin biznes profilin\u0259 uy\u011fun olaraq xidm\u0259tl\u0259rimizin v\u0259 marketinq m\u0259zmununun t\u0259\u015fviqi il\u0259 ba\u011fl\u0131 m\u0259zmunu t\u0259qdim etm\u0259k v\u0259 n\u00fcmayi\u015f etdirm\u0259k \u00fc\u00e7\u00fcn istifad\u0259 olunur. Biz onlar\u0131 a\u015fa\u011f\u0131dak\u0131 m\u0259qs\u0259dl\u0259r \u00fc\u00e7\u00fcn saxlay\u0131r\u0131q:<\/span><span data-ccp-props=\"{&quot;134233117&quot;:true,&quot;134233118&quot;:true,&quot;201341983&quot;:0,&quot;335559740&quot;:240}\">\u00a0<\/span><\/p>\n<p><span data-contrast=\"none\">bu veb-saytda, t\u0259r\u0259fimizd\u0259n idar\u0259 olunan dig\u0259r veb-saytlarda v\u0259 sosial media da daxil olmaqla \u00fc\u00e7\u00fcnc\u00fc t\u0259r\u0259f veb-saytlarda maraqlar\u0131n\u0131za \u0259saslanan video m\u0259zmun v\u0259 reklam\u0131n g\u00f6st\u0259rilm\u0259si.<\/span><span data-ccp-props=\"{&quot;134233117&quot;:true,&quot;134233118&quot;:true,&quot;201341983&quot;:0,&quot;335559740&quot;:240}\">\u00a0<\/span><\/p>\n<p><span data-contrast=\"none\">M\u00fc\u0259yy\u0259n hallarda biz Etibarl\u0131 T\u0259r\u0259fda\u015flar\u0131m\u0131za m\u0259xsus \u00fc\u00e7\u00fcnc\u00fc t\u0259r\u0259f onlayn platformalarda biznesimiz\u0259 aid m\u0259lumatlar\u0131 Siz\u0259 g\u00f6st\u0259rm\u0259k \u00fc\u00e7\u00fcn kukil\u0259rd\u0259n istifad\u0259 ed\u0259 bil\u0259rik.<\/span><span data-ccp-props=\"{&quot;134233117&quot;:true,&quot;134233118&quot;:true,&quot;201341983&quot;:0,&quot;335559740&quot;:240}\">\u00a0<\/span><\/p>\n<p><span data-contrast=\"none\">Funksional, analitik v\u0259 t\u0259\u015fviq kukil\u0259rind\u0259n istifad\u0259 \u00fc\u00e7\u00fcn raz\u0131l\u0131\u011f\u0131n\u0131z t\u0259l\u0259b olunur.<\/span><span data-ccp-props=\"{&quot;134233117&quot;:true,&quot;134233118&quot;:true,&quot;201341983&quot;:0,&quot;335559740&quot;:240}\">\u00a0<\/span><\/p>\n<p><b><span data-contrast=\"none\">Kukil\u0259rin silinm\u0259si.<\/span><\/b><span data-ccp-props=\"{&quot;134233117&quot;:true,&quot;134233118&quot;:true,&quot;201341983&quot;:0,&quot;335559740&quot;:240}\">\u00a0<\/span><\/p>\n<p><span data-contrast=\"none\">Standart olaraq, veb brauzerl\u0259r v\u0259 ya istifad\u0259\u00e7inin komp\u00fcterind\u0259 v\u0259 ya \u015f\u0259b\u0259k\u0259y\u0259 qo\u015fulmu\u015f h\u0259r hans\u0131 dig\u0259r cihazda qura\u015fd\u0131r\u0131lm\u0131\u015f dig\u0259r proqram t\u0259minat\u0131 m\u00fc\u0259yy\u0259n n\u00f6v kukil\u0259rin cihazda yerl\u0259\u015fdirilm\u0259sin\u0259 imkan verir. M\u0259xfilik parametrl\u0259ri \u00e7\u0259r\u00e7iv\u0259sind\u0259, ist\u0259nil\u0259n vaxt brauzerin parametrl\u0259rind\u0259 d\u0259yi\u015fiklik etm\u0259kl\u0259 onlayn ma\u011fazam\u0131z v\u0259 ya t\u0259r\u0259fda\u015flar\u0131m\u0131zda olan kukil\u0259ri bloklaya v\u0259 ya sil\u0259 bil\u0259rsiniz. Kukil\u0259rin bloklanmas\u0131\/silinm\u0259si \u00fcsulu istifad\u0259 etdiyiniz veb-brauzerd\u0259n as\u0131l\u0131 olaraq d\u0259yi\u015fir. Se\u00e7ilmi\u015f vebbrauzerin &#8222;Help&#8221; b\u00f6lm\u0259sin\u0259 daxil olmaqla, kukil\u0259rin silinm\u0259si haqq\u0131nda \u0259trafl\u0131 m\u0259lumat \u0259ld\u0259 ed\u0259 bil\u0259rsiniz. M\u0259s\u0259l\u0259n Internet Explorer brauzerind\u0259n istifad\u0259 edirsinizs\u0259, kukil\u0259r a\u015fa\u011f\u0131dak\u0131 ke\u00e7idl\u0259ri etm\u0259kl\u0259 t\u0259nziml\u0259n\u0259 bil\u0259r: Tools -&gt;&gt; Internet Options -&gt;&gt; Privacy; in Mozilla Firefox: Tools -&gt;&gt; Options -&gt;&gt; Privacy; and in Google Chrome: Settings -&gt;&gt; Show advanced settings -&gt;&gt; Privacy -&gt;&gt; Content settings -&gt;&gt; Cookies.<\/span><span data-ccp-props=\"{&quot;134233117&quot;:true,&quot;134233118&quot;:true,&quot;201341983&quot;:0,&quot;335559740&quot;:240}\">\u00a0<\/span><\/p>\n<p><span data-ccp-props=\"{&quot;134233117&quot;:true,&quot;134233118&quot;:true,&quot;201341983&quot;:0,&quot;335559740&quot;:240}\">\u00a0<\/span><\/p>\n<p><span data-contrast=\"none\">A\u015fa\u011f\u0131da veb brauzerl\u0259r\u0259 ke\u00e7idl\u0259r t\u0259qdim edilir (son cihazda parametrl\u0259rin d\u0259yi\u015fdirilm\u0259si bar\u0259d\u0259 m\u0259lumatlarla birlikd\u0259): Chrome (https:\/\/support.google.com\/chrome\/answer\/95647?co=GENIE.Platform%3DDesktop&amp;hl=pl) Internet Explorer (https:\/\/support.microsoft.com\/pl-pl\/help\/278835\/how-to-delete-cookie-files-in-internet-explorer) Firefox (https:\/\/support.mozilla.org\/pl\/kb\/usuwanie-ciasteczek-i-danych-stron-firefox?redirectlocale=pl&amp;redirectslug=usuwanie-ciasteczek) Opera (https:\/\/help.opera.com\/pl\/latest\/web-preferences\/#cookies) Microsoft Edge (https:\/\/support.microsoft.com\/pl-pl\/microsoft-edge\/wy%C5%9Bwietlanie-i-usuwanie-historii-przegl%C4%85darki-w-programie-microsoft-edge-00cf7943-a9e1-975a-a33d-ac10ce454ca4) Safari (https:\/\/support.apple.com\/pl-pl\/guide\/safari\/sfri11471\/mac)<\/span><span data-ccp-props=\"{&quot;134233117&quot;:true,&quot;134233118&quot;:true,&quot;201341983&quot;:0,&quot;335559740&quot;:240}\">\u00a0<\/span><\/p>\n<p><span data-contrast=\"none\">Mobil telefonunuzda v\u0259 ya h\u0259r hans\u0131 dig\u0259r mobil cihaz\u0131n\u0131zda kukil\u0259rin idar\u0259 edilm\u0259si haqq\u0131nda m\u0259lumat \u0259ld\u0259 etm\u0259k \u00fc\u00e7\u00fcn, x\u00fcsusi telefon v\u0259 ya mobil cihaz\u0131n\u0131z \u00fc\u00e7\u00fcn istifad\u0259\u00e7i t\u0259limat\u0131 il\u0259 tan\u0131\u015f olun.<\/span><span data-ccp-props=\"{&quot;134233117&quot;:true,&quot;134233118&quot;:true,&quot;201341983&quot;:0,&quot;335559740&quot;:240}\">\u00a0<\/span><\/p>\n<p><span data-contrast=\"none\">N\u0259z\u0259r\u0259 al\u0131n ki, kukil\u0259rin yadda saxlanmas\u0131 veb-saytdan s\u0259m\u0259r\u0259li v\u0259 fasil\u0259siz istifad\u0259 imkan\u0131 verm\u0259k v\u0259 \u015firk\u0259tin f\u0259aliyy\u0259ti il\u0259 ba\u011fl\u0131 b\u00fct\u00fcn m\u0259lumatlar\u0131n rahat v\u0259 s\u0259m\u0259r\u0259li ax\u0131n\u0131 \u00fc\u00e7\u00fcn b\u00fct\u00fcn m\u0259zmuna, kommunikasiyalara rahat baxmaq, el\u0259c\u0259 d\u0259 veb sayt\u0131m\u0131zda video m\u0259zmunu izl\u0259m\u0259k imkan\u0131 verm\u0259k m\u0259qs\u0259di da\u015f\u0131y\u0131r.<\/span><span data-ccp-props=\"{&quot;134233117&quot;:true,&quot;134233118&quot;:true,&quot;201341983&quot;:0,&quot;335559740&quot;:240}\">\u00a0<\/span><\/p>\n<p><span data-contrast=\"none\">Kukil\u0259rin silinm\u0259si kukil\u0259r vasit\u0259sil\u0259 \u0259ld\u0259 edil\u0259n F\u0259rdi m\u0259lumatlar n\u0259zar\u0259t\u00e7isi t\u0259r\u0259find\u0259n F\u0259rdi M\u0259lumatlar\u0131n silinm\u0259sin\u0259 b\u0259rab\u0259r deyil.<\/span><span data-ccp-props=\"{&quot;134233117&quot;:true,&quot;134233118&quot;:true,&quot;201341983&quot;:0,&quot;335559740&quot;:240}\">\u00a0<\/span><\/p>\n<p><span data-ccp-props=\"{&quot;134233117&quot;:true,&quot;134233118&quot;:true,&quot;201341983&quot;:0,&quot;335559740&quot;:240}\">\u00a0<\/span><\/p>\n<p><span data-ccp-props=\"{&quot;134233117&quot;:true,&quot;134233118&quot;:true,&quot;201341983&quot;:0,&quot;335559740&quot;:240}\">\u00a0<\/span><\/p>\n<p><span data-ccp-props=\"{}\">\u00a0<\/span><\/p>\n","protected":false},"excerpt":{"rendered":"<p>Kukil\u0259r (&#8222;Cookies&#8221;) Siyas\u0259ti\u00a0 Veb sayt\u0131m\u0131zdan istifad\u0259 ed\u0259rk\u0259n rahatl\u0131q v\u0259 t\u0259hl\u00fck\u0259sizliyin t\u0259min edilm\u0259si m\u0259qs\u0259dil\u0259 istifad\u0259 etdiyiniz brauzer haqq\u0131nda m\u0259lumat toplayan \u201ckukil\u0259r\u201d v\u0259 ya sair texnologiyalardan istifad\u0259 edirik. \u0130st\u0259kl\u0259rinizl\u0259 ba\u011fl\u0131 se\u00e7im etm\u0259niz \u00fc\u00e7\u00fcn istifad\u0259 etdiyimiz kukil\u0259rl\u0259 ba\u011fl\u0131 m\u0259lumatlar\u0131 m\u00fcvafiq banner formas\u0131nda t\u0259qdim edirik. M\u0259xfi m\u0259lumatlar\u0131n\u0131za h\u00f6rm\u0259tl\u0259 yana\u015f\u0131r\u0131q, buna g\u00f6r\u0259 d\u0259 Siz ist\u0259nil\u0259n vaxt kukil\u0259r parametrl\u0259rind\u0259 d\u0259yi\u015fiklikl\u0259r ed\u0259 [&hellip;]<\/p>\n","protected":false},"author":1,"featured_media":0,"parent":0,"menu_order":0,"comment_status":"closed","ping_status":"closed","template":"","meta":{"_acf_changed":false,"inline_featured_image":false,"footnotes":""},"class_list":["post-105","page","type-page","status-publish","hentry"],"acf":[],"_links":{"self":[{"href":"https:\/\/join.lpp.com\/az\/wp-json\/wp\/v2\/pages\/105","targetHints":{"allow":["GET"]}}],"collection":[{"href":"https:\/\/join.lpp.com\/az\/wp-json\/wp\/v2\/pages"}],"about":[{"href":"https:\/\/join.lpp.com\/az\/wp-json\/wp\/v2\/types\/page"}],"author":[{"embeddable":true,"href":"https:\/\/join.lpp.com\/az\/wp-json\/wp\/v2\/users\/1"}],"replies":[{"embeddable":true,"href":"https:\/\/join.lpp.com\/az\/wp-json\/wp\/v2\/comments?post=105"}],"version-history":[{"count":1,"href":"https:\/\/join.lpp.com\/az\/wp-json\/wp\/v2\/pages\/105\/revisions"}],"predecessor-version":[{"id":106,"href":"https:\/\/join.lpp.com\/az\/wp-json\/wp\/v2\/pages\/105\/revisions\/106"}],"wp:attachment":[{"href":"https:\/\/join.lpp.com\/az\/wp-json\/wp\/v2\/media?parent=105"}],"curies":[{"name":"wp","href":"https:\/\/api.w.org\/{rel}","templated":true}]}}