{"id":127,"date":"2025-01-15T20:40:29","date_gmt":"2025-01-15T19:40:29","guid":{"rendered":"https:\/\/join.lpp.com\/al\/?page_id=127"},"modified":"2025-01-15T20:40:29","modified_gmt":"2025-01-15T19:40:29","slug":"cookies-policy","status":"publish","type":"page","link":"https:\/\/join.lpp.com\/al\/cookies-policy\/","title":{"rendered":"Cookies Policy"},"content":{"rendered":"<p><b><span data-contrast=\"auto\">POLITIKA E COOKIES<\/span><\/b><span data-ccp-props=\"{&quot;335551550&quot;:2,&quot;335551620&quot;:2}\">\u00a0<\/span><\/p>\n<p><span data-contrast=\"auto\">Ne p\u00ebrdorim \u201ccookies\u201d ose teknologji t\u00eb ngjashme p\u00ebr mbledhjen e informacionit mbi shfletuesin q\u00eb p\u00ebrdorni duke ju mund\u00ebsuar komoditet dhe siguri kur vizitoni uebfaqen ton\u00eb. Gjithashtu, ju ofrojm\u00eb informacion mbi cookies q\u00eb p\u00ebrdoren nga ne, si p.sh. \u201cbanner cookie\u201d t\u00eb cilat mund\u00ebsojn\u00eb t\u00eb p\u00ebrzgjidhni preferencat tuaja. Ne e respektojm\u00eb privat\u00ebsin\u00eb tuaj dhe p\u00ebr k\u00ebt\u00eb arsye, ju n\u00eb \u00e7do moment, mund t\u00eb b\u00ebni ndryshime n\u00eb cil\u00ebsimet e cookies, pasi shumica e shfletuesve t\u00eb internetit ju lejojn\u00eb t\u2019i shikoni, t\u2019i fshini dhe t\u2019i menaxhoni ato. P\u00ebr m\u00eb shum\u00eb informacion, ju lutemi t\u00eb vizitoni: Rregulloren e privat\u00ebsis\u00eb, List\u00ebn e cookies dhe List\u00ebn e partner\u00ebve t\u00eb besuar.<\/span><span data-ccp-props=\"{&quot;335551550&quot;:6,&quot;335551620&quot;:6}\">\u00a0<\/span><\/p>\n<p><b><span data-contrast=\"auto\">\u00c7far\u00eb jan\u00eb cookies?<\/span><\/b><span data-ccp-props=\"{&quot;335551550&quot;:6,&quot;335551620&quot;:6}\">\u00a0<\/span><\/p>\n<p><span data-contrast=\"auto\">Cookies jan\u00eb skedar\u00eb t\u00eb vegj\u00ebl tekstual\u00eb q\u00eb d\u00ebrgohen nga serveri dhe ruhen n\u00eb pajisje terminale (p.sh. kompjuter, smartphone). Ato ruajn\u00eb informacione, si dhe t\u00eb dh\u00ebna analitike dhe statistikore t\u00eb nevojshme p\u00ebr funksionimin e duhur t\u00eb uebfaqes n\u00eb lidhje me aktivitetin e kompanis\u00eb, rrjedh\u00ebn e komunikimit, menaxhimin e marr\u00ebdh\u00ebnieve t\u00eb biznesit dhe p\u00ebrshtatjen e saj sipas preferencave. Cookies nuk ndikojn\u00eb dhe as ndryshojn\u00eb konfigurimin e pajisjes shfryt\u00ebzuese. N\u00eb var\u00ebsi t\u00eb llojit t\u00eb tyre, ato fshihen kur shfletuesi mbyllet (skedar\u00ebt e sesionit) ose ruhen n\u00eb pajisje p\u00ebr nj\u00eb periudh\u00eb t\u00eb caktuar kohe (skedar\u00ebt e p\u00ebrhersh\u00ebm). Cookies ndihmojn\u00eb n\u00eb p\u00ebrmir\u00ebsimin e sh\u00ebrbimeve tona.<\/span><span data-ccp-props=\"{&quot;335551550&quot;:6,&quot;335551620&quot;:6}\">\u00a0<\/span><\/p>\n<p><b><span data-contrast=\"auto\">Cilat teknologji cookies p\u00ebrdoren nga ne?<\/span><\/b><span data-ccp-props=\"{&quot;335551550&quot;:6,&quot;335551620&quot;:6}\">\u00a0<\/span><\/p>\n<p><span data-contrast=\"auto\">Uebfaqja jone p\u00ebrdor teknologji q\u00eb ruan t\u00eb dh\u00ebnat n\u00eb pajisjen tuaj terminale p\u00ebr q\u00ebllime funksionale, analitike dhe promovuese q\u00eb sigurojn\u00eb funksionimin e duhur t\u00eb uebfaqes s\u00eb Kompanis\u00eb son\u00eb. Uebfaqja mund t\u00eb p\u00ebrdor\u00eb funksione t\u00eb ngjashme me cookies (p.sh. ruajtja lokale). Informacioni i paraqitur k\u00ebtu u referohet po k\u00ebtyre teknologjive, t\u00eb cilat mund t\u00eb bashk\u00ebpunojn\u00eb me cookies, t\u00eb mbledhin dhe t\u00eb ruajn\u00eb t\u00eb dh\u00ebna duke synuar ofrimin e qasjes n\u00eb funksione ose sh\u00ebrbime t\u00eb caktuara p\u00ebr nj\u00eb shfletim sa m\u00eb komod t\u00eb p\u00ebrmbajtjes s\u00eb uebfaqes son\u00eb.<\/span><span data-ccp-props=\"{&quot;335551550&quot;:6,&quot;335551620&quot;:6}\">\u00a0<\/span><\/p>\n<p><b><span data-contrast=\"auto\">Kush preket nga teknologjia e quajtur cookies?<\/span><\/b><span data-ccp-props=\"{&quot;335551550&quot;:6,&quot;335551620&quot;:6}\">\u00a0<\/span><\/p>\n<p><span data-contrast=\"auto\">Teknologjia e cookies (ose nj\u00eb funksionalitet i ngjash\u00ebm me t\u00eb) p\u00ebrdoret sa her\u00eb q\u00eb vizitoni uebfaqen ton\u00eb. Skedar\u00ebt ruhen n\u00eb pajisjen tuaj n\u00eb m\u00ebnyr\u00eb t\u00eb till\u00eb q\u00eb varen nga preferencat dhe cil\u00ebsimet e pajisjes suaj, p.sh. cil\u00ebsimet e shfletuesit.<\/span><span data-ccp-props=\"{&quot;335551550&quot;:6,&quot;335551620&quot;:6}\">\u00a0<\/span><\/p>\n<p><b><span data-contrast=\"auto\">A i ruajn\u00eb cookies t\u00eb dh\u00ebnat personale?<\/span><\/b><span data-ccp-props=\"{&quot;335551550&quot;:6,&quot;335551620&quot;:6}\">\u00a0<\/span><\/p>\n<p><span data-contrast=\"auto\">Informacioni i ruajtur nuk p\u00ebrmban t\u00eb dh\u00ebna personale me t\u00eb cilat mund t\u00eb identifikoheni drejtp\u00ebrdrejt\u00eb. Nj\u00eb pjes\u00eb e k\u00ebtij informacioni, n\u00eb lidhje me t\u00eb dh\u00ebnat e marra si rezultat i rrjedhjes s\u00eb informacionit p\u00ebr aktivitetet e kompanis\u00eb, mbajtjen e marr\u00ebdh\u00ebnieve t\u00eb biznesit, promovimin e sh\u00ebrbimeve dhe komunikimit, mund t\u00eb kthehen n\u00eb t\u00eb dh\u00ebna personale. Prandaj, zbatohen dispozitat e Rregullores s\u00eb Privat\u00ebsis\u00eb p\u00ebrsa i p\u00ebrket t\u00eb Dh\u00ebnave Personale, n\u00eb ve\u00e7anti t\u00eb drejtat e subjektit t\u00eb t\u00eb dh\u00ebnave. Ju mund t\u00eb gjeni nj\u00eb list\u00eb t\u00eb partner\u00ebve t\u00eb besuar q\u00eb kan\u00eb qasje n\u00eb cookies ose q\u00eb vendosin vet\u00eb cookies n\u00eb emrin tone, t\u00eb disponuesh\u00ebm n\u00eb List\u00ebn e Partner\u00ebve t\u00eb Besuar.<\/span><span data-ccp-props=\"{&quot;335551550&quot;:6,&quot;335551620&quot;:6}\">\u00a0<\/span><\/p>\n<p><b><span data-contrast=\"auto\">P\u00ebr \u00e7far\u00eb p\u00ebrdoren cookies?<\/span><\/b><span data-ccp-props=\"{&quot;335551550&quot;:6,&quot;335551620&quot;:6}\">\u00a0<\/span><\/p>\n<p><span data-contrast=\"auto\">Cookies jan\u00eb thelb\u00ebsore p\u00ebr p\u00ebrdorimin e duhur dhe funksional t\u00eb uebfaqes s\u00eb kompanis\u00eb. P\u00ebr k\u00ebt\u00eb arsye, informacioni i ruajtur p\u00ebrfshin:<\/span><span data-ccp-props=\"{&quot;335551550&quot;:6,&quot;335551620&quot;:6}\">\u00a0<\/span><\/p>\n<ul>\n<li data-leveltext=\"\uf0b7\" data-font=\"Symbol\" data-listid=\"15\" data-list-defn-props=\"{&quot;335552541&quot;:1,&quot;335559685&quot;:720,&quot;335559991&quot;:360,&quot;469769226&quot;:&quot;Symbol&quot;,&quot;469769242&quot;:[8226],&quot;469777803&quot;:&quot;left&quot;,&quot;469777804&quot;:&quot;\uf0b7&quot;,&quot;469777815&quot;:&quot;hybridMultilevel&quot;}\" aria-setsize=\"-1\" data-aria-posinset=\"1\" data-aria-level=\"1\"><span data-contrast=\"auto\">shfaqjen dhe shikimin e p\u00ebrmbajtjes n\u00eb nj\u00eb kontekst t\u00eb kufizuar,<\/span><span data-ccp-props=\"{&quot;335551550&quot;:6,&quot;335551620&quot;:6}\">\u00a0<\/span><\/li>\n<\/ul>\n<ul>\n<li data-leveltext=\"\uf0b7\" data-font=\"Symbol\" data-listid=\"15\" data-list-defn-props=\"{&quot;335552541&quot;:1,&quot;335559685&quot;:720,&quot;335559991&quot;:360,&quot;469769226&quot;:&quot;Symbol&quot;,&quot;469769242&quot;:[8226],&quot;469777803&quot;:&quot;left&quot;,&quot;469777804&quot;:&quot;\uf0b7&quot;,&quot;469777815&quot;:&quot;hybridMultilevel&quot;}\" aria-setsize=\"-1\" data-aria-posinset=\"2\" data-aria-level=\"1\"><span data-contrast=\"auto\">lundrim n\u00eb uebfaqe, duke lexuar komunikime t\u00eb lidhura ngusht\u00eb me natyr\u00ebn dhe profilin e aktiviteteve t\u00eb Kompanis\u00eb,<\/span><span data-ccp-props=\"{&quot;335551550&quot;:6,&quot;335551620&quot;:6}\">\u00a0<\/span><\/li>\n<\/ul>\n<ul>\n<li data-leveltext=\"\uf0b7\" data-font=\"Symbol\" data-listid=\"15\" data-list-defn-props=\"{&quot;335552541&quot;:1,&quot;335559685&quot;:720,&quot;335559991&quot;:360,&quot;469769226&quot;:&quot;Symbol&quot;,&quot;469769242&quot;:[8226],&quot;469777803&quot;:&quot;left&quot;,&quot;469777804&quot;:&quot;\uf0b7&quot;,&quot;469777815&quot;:&quot;hybridMultilevel&quot;}\" aria-setsize=\"-1\" data-aria-posinset=\"3\" data-aria-level=\"1\"><span data-contrast=\"auto\">qasje n\u00eb p\u00ebrmbajtje rreth menaxhimit t\u00eb marr\u00ebdh\u00ebnieve t\u00eb biznesit,<\/span><span data-ccp-props=\"{&quot;335551550&quot;:6,&quot;335551620&quot;:6}\">\u00a0<\/span><\/li>\n<\/ul>\n<ul>\n<li data-leveltext=\"\uf0b7\" data-font=\"Symbol\" data-listid=\"15\" data-list-defn-props=\"{&quot;335552541&quot;:1,&quot;335559685&quot;:720,&quot;335559991&quot;:360,&quot;469769226&quot;:&quot;Symbol&quot;,&quot;469769242&quot;:[8226],&quot;469777803&quot;:&quot;left&quot;,&quot;469777804&quot;:&quot;\uf0b7&quot;,&quot;469777815&quot;:&quot;hybridMultilevel&quot;}\" aria-setsize=\"-1\" data-aria-posinset=\"4\" data-aria-level=\"1\"><span data-contrast=\"auto\">optimizim dhe efikasitet t\u00eb p\u00ebrmbajtjes s\u00eb shfaqur,<\/span><span data-ccp-props=\"{&quot;335551550&quot;:6,&quot;335551620&quot;:6}\">\u00a0<\/span><\/li>\n<\/ul>\n<ul>\n<li data-leveltext=\"\uf0b7\" data-font=\"Symbol\" data-listid=\"15\" data-list-defn-props=\"{&quot;335552541&quot;:1,&quot;335559685&quot;:720,&quot;335559991&quot;:360,&quot;469769226&quot;:&quot;Symbol&quot;,&quot;469769242&quot;:[8226],&quot;469777803&quot;:&quot;left&quot;,&quot;469777804&quot;:&quot;\uf0b7&quot;,&quot;469777815&quot;:&quot;hybridMultilevel&quot;}\" aria-setsize=\"-1\" data-aria-posinset=\"5\" data-aria-level=\"1\"><span data-contrast=\"auto\">aktivizim i p\u00ebrmbajtjes dinamike (ngarkimi i tekstit ose imazhit t\u00eb animuar),<\/span><span data-ccp-props=\"{&quot;335551550&quot;:6,&quot;335551620&quot;:6}\">\u00a0<\/span><\/li>\n<\/ul>\n<ul>\n<li data-leveltext=\"\uf0b7\" data-font=\"Symbol\" data-listid=\"15\" data-list-defn-props=\"{&quot;335552541&quot;:1,&quot;335559685&quot;:720,&quot;335559991&quot;:360,&quot;469769226&quot;:&quot;Symbol&quot;,&quot;469769242&quot;:[8226],&quot;469777803&quot;:&quot;left&quot;,&quot;469777804&quot;:&quot;\uf0b7&quot;,&quot;469777815&quot;:&quot;hybridMultilevel&quot;}\" aria-setsize=\"-1\" data-aria-posinset=\"6\" data-aria-level=\"1\"><span data-contrast=\"auto\">mund\u00ebsimi i mbrojtjes dhe siguris\u00eb.<\/span><span data-ccp-props=\"{&quot;335551550&quot;:6,&quot;335551620&quot;:6}\">\u00a0<\/span><\/li>\n<\/ul>\n<p><span data-contrast=\"auto\">Ju nuk duhet t\u00eb jepni p\u00eblqimin tuaj p\u00ebr p\u00ebrdorimin e cookies thelb\u00ebsore. Cookies thelb\u00ebsore ruhen si parazgjedhje, duke mund\u00ebsuar shfaqjen e p\u00ebrmbajtjes specifike ose ofrimin e sh\u00ebrbimit t\u00eb k\u00ebrkuar nga p\u00ebrdoruesi.<\/span><span data-ccp-props=\"{&quot;335551550&quot;:6,&quot;335551620&quot;:6}\">\u00a0<\/span><\/p>\n<p><span data-contrast=\"auto\">P\u00ebr t&#8217;ju ofruar nj\u00eb p\u00ebrvoj\u00eb sa m\u00eb t\u00eb rehatshme dhe m\u00eb t\u00eb sigurt gjat\u00eb shfletimit t\u00eb uebfaqes son\u00eb, cookies funksionale dhe t\u00eb personalizuara ruajn\u00eb informacione q\u00eb p\u00ebrfshijn\u00eb:<\/span><span data-ccp-props=\"{&quot;335551550&quot;:6,&quot;335551620&quot;:6}\">\u00a0<\/span><\/p>\n<ol>\n<li data-leveltext=\"%1.\" data-font=\"Times New Roman\" data-listid=\"16\" data-list-defn-props=\"{&quot;335552541&quot;:0,&quot;335559685&quot;:720,&quot;335559991&quot;:360,&quot;469769242&quot;:[65533,0],&quot;469777803&quot;:&quot;left&quot;,&quot;469777804&quot;:&quot;%1.&quot;,&quot;469777815&quot;:&quot;hybridMultilevel&quot;}\" aria-setsize=\"-1\" data-aria-posinset=\"1\" data-aria-level=\"1\"><span data-contrast=\"auto\">zgjedhjen e cil\u00ebsimeve tuaja,<\/span><span data-ccp-props=\"{&quot;335551550&quot;:6,&quot;335551620&quot;:6}\">\u00a0<\/span><\/li>\n<\/ol>\n<ol>\n<li data-leveltext=\"%1.\" data-font=\"Times New Roman\" data-listid=\"16\" data-list-defn-props=\"{&quot;335552541&quot;:0,&quot;335559685&quot;:720,&quot;335559991&quot;:360,&quot;469769242&quot;:[65533,0],&quot;469777803&quot;:&quot;left&quot;,&quot;469777804&quot;:&quot;%1.&quot;,&quot;469777815&quot;:&quot;hybridMultilevel&quot;}\" aria-setsize=\"-1\" data-aria-posinset=\"2\" data-aria-level=\"1\"><span data-contrast=\"auto\">ruajtjen e preferencave tuaja,<\/span><span data-ccp-props=\"{&quot;335551550&quot;:6,&quot;335551620&quot;:6}\">\u00a0<\/span><\/li>\n<\/ol>\n<ol>\n<li data-leveltext=\"%1.\" data-font=\"Times New Roman\" data-listid=\"16\" data-list-defn-props=\"{&quot;335552541&quot;:0,&quot;335559685&quot;:720,&quot;335559991&quot;:360,&quot;469769242&quot;:[65533,0],&quot;469777803&quot;:&quot;left&quot;,&quot;469777804&quot;:&quot;%1.&quot;,&quot;469777815&quot;:&quot;hybridMultilevel&quot;}\" aria-setsize=\"-1\" data-aria-posinset=\"3\" data-aria-level=\"1\"><span data-contrast=\"auto\">identifikimin e p\u00ebrdoruesit rreth p\u00ebrmbajtjes s\u00eb shfaqur sipas preferencave p\u00ebrkat\u00ebse.<\/span><span data-ccp-props=\"{&quot;335551550&quot;:6,&quot;335551620&quot;:6}\">\u00a0<\/span><\/li>\n<\/ol>\n<p><span data-ccp-props=\"{&quot;335551550&quot;:6,&quot;335551620&quot;:6}\">\u00a0<\/span><\/p>\n<p><span data-contrast=\"auto\">Cookies analitike ruajn\u00eb informacione n\u00eb lidhje me p\u00ebrdorimin tuaj t\u00eb uebfaqes. Ato na lejojn\u00eb t\u00eb p\u00ebrmir\u00ebsojm\u00eb sh\u00ebrbimet dhe p\u00ebrmbajtjen e paraqitur p\u00ebr t&#8217;ju ofruar nj\u00eb p\u00ebrdorim sa m\u00eb efikas t\u00eb uebfaqes son\u00eb. Sistemet analitike mbledhin informacionin e m\u00ebposht\u00ebm:<\/span><span data-ccp-props=\"{&quot;335551550&quot;:6,&quot;335551620&quot;:6}\">\u00a0<\/span><\/p>\n<ul>\n<li data-leveltext=\"\uf0b7\" data-font=\"Symbol\" data-listid=\"17\" data-list-defn-props=\"{&quot;335552541&quot;:1,&quot;335559685&quot;:720,&quot;335559991&quot;:360,&quot;469769226&quot;:&quot;Symbol&quot;,&quot;469769242&quot;:[8226],&quot;469777803&quot;:&quot;left&quot;,&quot;469777804&quot;:&quot;\uf0b7&quot;,&quot;469777815&quot;:&quot;hybridMultilevel&quot;}\" aria-setsize=\"-1\" data-aria-posinset=\"1\" data-aria-level=\"1\"><span data-contrast=\"auto\">analiza dhe matja e t\u00eb dh\u00ebnave p\u00ebr vizitat n\u00eb uebfaqe,<\/span><span data-ccp-props=\"{&quot;335551550&quot;:6,&quot;335551620&quot;:6}\">\u00a0<\/span><\/li>\n<\/ul>\n<ul>\n<li data-leveltext=\"\uf0b7\" data-font=\"Symbol\" data-listid=\"17\" data-list-defn-props=\"{&quot;335552541&quot;:1,&quot;335559685&quot;:720,&quot;335559991&quot;:360,&quot;469769226&quot;:&quot;Symbol&quot;,&quot;469769242&quot;:[8226],&quot;469777803&quot;:&quot;left&quot;,&quot;469777804&quot;:&quot;\uf0b7&quot;,&quot;469777815&quot;:&quot;hybridMultilevel&quot;}\" aria-setsize=\"-1\" data-aria-posinset=\"2\" data-aria-level=\"1\"><span data-contrast=\"auto\">analiza p\u00ebr t\u00eb vler\u00ebsuar popullaritetin e uebfaqes,<\/span><span data-ccp-props=\"{&quot;335551550&quot;:6,&quot;335551620&quot;:6}\">\u00a0<\/span><\/li>\n<\/ul>\n<ul>\n<li data-leveltext=\"\uf0b7\" data-font=\"Symbol\" data-listid=\"17\" data-list-defn-props=\"{&quot;335552541&quot;:1,&quot;335559685&quot;:720,&quot;335559991&quot;:360,&quot;469769226&quot;:&quot;Symbol&quot;,&quot;469769242&quot;:[8226],&quot;469777803&quot;:&quot;left&quot;,&quot;469777804&quot;:&quot;\uf0b7&quot;,&quot;469777815&quot;:&quot;hybridMultilevel&quot;}\" aria-setsize=\"-1\" data-aria-posinset=\"3\" data-aria-level=\"1\"><span data-contrast=\"auto\">informacion n\u00eb lidhje me aktivitetet tuaja n\u00eb uebfaqe (trafiku),<\/span><span data-ccp-props=\"{&quot;335551550&quot;:6,&quot;335551620&quot;:6}\">\u00a0<\/span><\/li>\n<\/ul>\n<ul>\n<li data-leveltext=\"\uf0b7\" data-font=\"Symbol\" data-listid=\"17\" data-list-defn-props=\"{&quot;335552541&quot;:1,&quot;335559685&quot;:720,&quot;335559991&quot;:360,&quot;469769226&quot;:&quot;Symbol&quot;,&quot;469769242&quot;:[8226],&quot;469777803&quot;:&quot;left&quot;,&quot;469777804&quot;:&quot;\uf0b7&quot;,&quot;469777815&quot;:&quot;hybridMultilevel&quot;}\" aria-setsize=\"-1\" data-aria-posinset=\"4\" data-aria-level=\"1\"><span data-contrast=\"auto\">historia e shfletimit t\u00eb uebfaqes,<\/span><span data-ccp-props=\"{&quot;335551550&quot;:6,&quot;335551620&quot;:6}\">\u00a0<\/span><\/li>\n<\/ul>\n<ul>\n<li data-leveltext=\"\uf0b7\" data-font=\"Symbol\" data-listid=\"17\" data-list-defn-props=\"{&quot;335552541&quot;:1,&quot;335559685&quot;:720,&quot;335559991&quot;:360,&quot;469769226&quot;:&quot;Symbol&quot;,&quot;469769242&quot;:[8226],&quot;469777803&quot;:&quot;left&quot;,&quot;469777804&quot;:&quot;\uf0b7&quot;,&quot;469777815&quot;:&quot;hybridMultilevel&quot;}\" aria-setsize=\"-1\" data-aria-posinset=\"5\" data-aria-level=\"1\"><span data-contrast=\"auto\">koha e kaluar n\u00eb uebfaqe,<\/span><span data-ccp-props=\"{&quot;335551550&quot;:6,&quot;335551620&quot;:6}\">\u00a0<\/span><\/li>\n<\/ul>\n<ul>\n<li data-leveltext=\"\uf0b7\" data-font=\"Symbol\" data-listid=\"17\" data-list-defn-props=\"{&quot;335552541&quot;:1,&quot;335559685&quot;:720,&quot;335559991&quot;:360,&quot;469769226&quot;:&quot;Symbol&quot;,&quot;469769242&quot;:[8226],&quot;469777803&quot;:&quot;left&quot;,&quot;469777804&quot;:&quot;\uf0b7&quot;,&quot;469777815&quot;:&quot;hybridMultilevel&quot;}\" aria-setsize=\"-1\" data-aria-posinset=\"6\" data-aria-level=\"1\"><span data-contrast=\"auto\">informacion teknik n\u00eb lidhje me llojin e shfletuesit tuaj dhe adres\u00ebn IP.<\/span><span data-ccp-props=\"{&quot;335551550&quot;:6,&quot;335551620&quot;:6}\">\u00a0<\/span><\/li>\n<\/ul>\n<p><span data-contrast=\"auto\">Cookies Promovuese p\u00ebrdoren p\u00ebr t\u00eb paraqitur dhe shfaqur p\u00ebrmbajtjen q\u00eb i referohet promovimit t\u00eb sh\u00ebrbimeve tona dhe marketingut n\u00eb p\u00ebrputhje me profilin e biznesit t\u00eb kompanis\u00eb. Ne i ruajm\u00eb ato me q\u00ebllim q\u00eb:<\/span><span data-ccp-props=\"{&quot;335551550&quot;:6,&quot;335551620&quot;:6}\">\u00a0<\/span><\/p>\n<p><span data-contrast=\"auto\">shfaqja e p\u00ebrmbajtjes, si video dhe reklama, t\u00eb bazohet n\u00eb interesat tuaja n\u00eb k\u00ebt\u00eb uebfaqe, si dhe t\u00eb tjera t\u00eb menaxhuara nga ne, gjithashtu, dhe n\u00eb uebfaqet e pal\u00ebve t\u00eb treta, duke p\u00ebrfshir\u00eb rrjetet sociale.<\/span><span data-ccp-props=\"{&quot;335551550&quot;:6,&quot;335551620&quot;:6}\">\u00a0<\/span><\/p>\n<p><span data-contrast=\"auto\">Her\u00eb pas here, ne mund t\u00eb p\u00ebrdorim cookies p\u00ebr t\u2019ju shfaqur informacione mbi biznesin ton\u00eb n\u00eb platformat online t\u00eb pal\u00ebve t\u00eb treta, n\u00eb pron\u00ebsi t\u00eb partner\u00ebve tan\u00eb t\u00eb besuar.<\/span><span data-ccp-props=\"{&quot;335551550&quot;:6,&quot;335551620&quot;:6}\">\u00a0<\/span><\/p>\n<p><span data-contrast=\"auto\">P\u00eblqimi juaj do t\u00eb k\u00ebrkohet p\u00ebr p\u00ebrdorimin e cookies funksionale, analitike dhe promovuese.<\/span><span data-ccp-props=\"{&quot;335551550&quot;:6,&quot;335551620&quot;:6}\">\u00a0<\/span><\/p>\n<p><b><span data-contrast=\"auto\">Fshirja e cookies<\/span><\/b><span data-ccp-props=\"{&quot;335551550&quot;:6,&quot;335551620&quot;:6}\">\u00a0<\/span><\/p>\n<p><span data-contrast=\"auto\">Automatikisht, shfletuesit e faqes ose softuer\u00ebt e tjer\u00eb t\u00eb instaluar n\u00eb kompjuterin e p\u00ebrdoruesit ose n\u00eb \u00e7do pajisje tjet\u00ebr t\u00eb lidhur me rrjetin, lejojn\u00eb vendosjen e llojeve t\u00eb caktuara t\u00eb cookies n\u00eb to. Si pjes\u00eb e cil\u00ebsimeve tuaja t\u00eb privat\u00ebsis\u00eb, n\u00eb \u00e7do koh\u00eb, ju mund t\u00eb bllokoni ose fshini cookies t\u00eb personalizuara nga dyqani yn\u00eb online ose nga partner\u00ebt tan\u00eb sipas ndryshimeve t\u00eb realizuara n\u00eb cil\u00ebsimet e shfletuesit.\u00a0 Metoda e bllokimit \/ fshirjes s\u00eb cookies t\u00eb personalizuara do t\u00eb ndryshoj n\u00eb var\u00ebsi t\u00eb shfletuesit t\u00eb internetit q\u00eb ju p\u00ebrdorni. Mund t\u00eb gjeni informacione se si t\u00eb fshini cookies duke p\u00ebrdorur opsionin: &#8220;Ndihm\u00eb&#8221; n\u00eb shfletuesin e zgjedhur t\u00eb faqes. P\u00ebr shembull, n\u00eb Internet Explorer, cookies mund t\u00eb modifikohen n\u00ebp\u00ebrmjet: Mjetet -&gt;&gt; Opsionet e Internetit -&gt;&gt; Privat\u00ebsia; n\u00eb Mozilla Firefox: Mjetet -&gt;&gt; Opsionet -&gt;&gt; Privat\u00ebsia; dhe n\u00eb Google Chrome: Cil\u00ebsimet -&gt;&gt; Shfaq cil\u00ebsimet e avancuara -&gt;&gt; Privat\u00ebsia -&gt;&gt; Cil\u00ebsimet e p\u00ebrmbajtjes -&gt;&gt; Cookies.<\/span><span data-ccp-props=\"{&quot;335551550&quot;:6,&quot;335551620&quot;:6}\">\u00a0<\/span><\/p>\n<p><span data-contrast=\"auto\">M\u00eb posht\u00eb, do t\u00eb gjeni linqe me shfletuesit e uebfaqeve (si t\u00eb modifikoni cil\u00ebsimet e tyre n\u00eb pajisjen tuaj shfryt\u00ebzuese):<\/span><span data-ccp-props=\"{&quot;335551550&quot;:6,&quot;335551620&quot;:6}\">\u00a0<\/span><\/p>\n<p><span data-contrast=\"auto\">Chrome\u00a0<\/span><span data-ccp-props=\"{&quot;335551550&quot;:6,&quot;335551620&quot;:6}\">\u00a0<\/span><\/p>\n<p><span data-contrast=\"auto\">(<\/span><a href=\"https:\/\/support.google.com\/chrome\/answer\/95647?co=GENIE.Platform%3DDesktop&amp;hl=pl%20\"><span data-contrast=\"none\">https:\/\/support.google.com\/chrome\/answer\/95647?co=GENIE.Platform%3DDesktop&amp;hl=pl <\/span><\/a><span data-contrast=\"auto\">)\u00a0<\/span><span data-ccp-props=\"{&quot;335551550&quot;:6,&quot;335551620&quot;:6}\">\u00a0<\/span><\/p>\n<p><span data-contrast=\"auto\">Internet Explorer<\/span><span data-ccp-props=\"{&quot;335551550&quot;:6,&quot;335551620&quot;:6}\">\u00a0<\/span><\/p>\n<p><span data-contrast=\"auto\">(<\/span><a href=\"https:\/\/support.microsoft.com\/pl-pl\/help\/278835\/how-to-delete-cookie-files-in-internet-explorer\"><span data-contrast=\"none\">https:\/\/support.microsoft.com\/pl-pl\/help\/278835\/how -to-delete-cookie-files-in-in-internet-explorer <\/span><\/a><span data-contrast=\"auto\">) <\/span><br \/>\n<span data-ccp-props=\"{&quot;335551550&quot;:6,&quot;335551620&quot;:6}\">\u00a0<\/span><\/p>\n<p><span data-contrast=\"auto\">Firefox\u00a0\u00a0<\/span><span data-ccp-props=\"{&quot;335551550&quot;:6,&quot;335551620&quot;:6}\">\u00a0<\/span><\/p>\n<p><span data-contrast=\"auto\">(<\/span><a href=\"https:\/\/support.mozilla.org\/pl\/kb\/usuwanie-ciasteczek-i-danych-stron-firefox?redirectlocale=pl&amp;redirectslug=usuwanie-ciasteczek\"><span data-contrast=\"none\">https:\/\/support.mozilla.org\/pl\/kb\/usuwanie-ciasteczek-i-danych-stron-firefox?redirectlocale=pl&amp;redirectslug=usuwanie-ciasteczek <\/span><\/a><span data-contrast=\"auto\">)\u00a0<\/span><span data-ccp-props=\"{&quot;335551550&quot;:6,&quot;335551620&quot;:6}\">\u00a0<\/span><\/p>\n<p><span data-contrast=\"auto\">Opera ( <\/span><a href=\"https:\/\/help.opera.com\/pl\/latest\/web-preferences\/#cookies\"><span data-contrast=\"none\">https:\/\/help.opera.com\/pl\/latest\/ web-preferences\/#cookies <\/span><\/a><span data-contrast=\"auto\">)\u00a0<\/span><span data-ccp-props=\"{&quot;335551550&quot;:6,&quot;335551620&quot;:6}\">\u00a0<\/span><\/p>\n<p><span data-contrast=\"auto\">Microsoft Edge\u00a0<\/span><span data-ccp-props=\"{&quot;335551550&quot;:6,&quot;335551620&quot;:6}\">\u00a0<\/span><\/p>\n<p><span data-contrast=\"auto\">(<\/span><a href=\"https:\/\/support.microsoft.com\/pl-pl\/microsoft-edge\/wy%C5%9Bwietlanie-i-usuwanie-historii-przegl%C4%85darki-w-programie-microsoft-edge-00cf7943-a9e1-975a-a33d-ac10ce454ca4\"><span data-contrast=\"none\">https:\/\/support.microsoft.com\/pl-pl\/microsoft-edge\/wy%C5%9Bwietlanie-i-usuwanie-historii-przegl%C4%85darki-w-programie-microsoft-edge-00cf7943-a9e1-975a- a33d-ac10ce454ca4 <\/span><\/a><span data-contrast=\"auto\">)\u00a0<\/span><span data-ccp-props=\"{&quot;335551550&quot;:6,&quot;335551620&quot;:6}\">\u00a0<\/span><\/p>\n<p><span data-contrast=\"auto\">Safari (<\/span><a href=\"https:\/\/support.apple.com\/pl-pl\/guide\/safari\/sfri11471\/mac%20\"><span data-contrast=\"none\">https:\/\/support.apple.com\/pl-pl\/guide\/safari\/sfri11471\/mac <\/span><\/a><span data-contrast=\"auto\">)<\/span><span data-ccp-props=\"{&quot;335551550&quot;:6,&quot;335551620&quot;:6}\">\u00a0<\/span><\/p>\n<p><span data-contrast=\"auto\">P\u00ebr informacion t\u00eb m\u00ebtejsh\u00ebm se si t\u00eb menaxhoni cookies n\u00eb telefonin tuaj celular ose n\u00eb ndonj\u00eb pajisje tjet\u00ebr celulare, ju lutemi referojuni manualit t\u00eb p\u00ebrdoruesit p\u00ebr telefonin celuar ose pajisje t\u00eb ngjashme.<\/span><span data-ccp-props=\"{&quot;335551550&quot;:6,&quot;335551620&quot;:6}\">\u00a0<\/span><\/p>\n<p><span data-contrast=\"auto\">Ju lutemi kini parasysh se ruajtja e cookies ka p\u00ebr q\u00ebllim q\u00eb t&#8217;ju ofroj\u00eb qasje sa m\u00eb t\u00eb sakt\u00eb dhe t\u00eb pand\u00ebrprer\u00eb n\u00eb p\u00ebrdorimin e uebfaqes son\u00eb, dhe t&#8217;ju mund\u00ebsoj\u00eb t\u00eb shikoni leht\u00ebsisht t\u00eb gjith\u00eb p\u00ebrmbajtjen dje komunikimet, ose video,t\u00eb cilat ndihmojn\u00eb n\u00eb rrjedhshm\u00ebrin\u00eb sa m\u00eb t\u00eb qet\u00eb dhe efi\u00e7ente t\u00eb gjith\u00eb informacionit q\u00eb ka lidhje me aktivitetet e kompanis\u00eb son\u00eb.<\/span><span data-ccp-props=\"{&quot;335551550&quot;:6,&quot;335551620&quot;:6}\">\u00a0<\/span><\/p>\n<p><span data-contrast=\"auto\">Fshirja e cookies nuk \u00ebsht\u00eb e nj\u00ebjt\u00eb me fshirjen e t\u00eb dh\u00ebnave personale nga Kontrolluesi i t\u00eb Dh\u00ebnave Personale t\u00eb marra n\u00ebp\u00ebrmjet tyre (cookies).<\/span><span data-ccp-props=\"{&quot;335551550&quot;:6,&quot;335551620&quot;:6}\">\u00a0<\/span><\/p>\n<p><span data-ccp-props=\"{&quot;335551550&quot;:6,&quot;335551620&quot;:6}\">\u00a0<\/span><\/p>\n","protected":false},"excerpt":{"rendered":"<p>POLITIKA E COOKIES\u00a0 Ne p\u00ebrdorim \u201ccookies\u201d ose teknologji t\u00eb ngjashme p\u00ebr mbledhjen e informacionit mbi shfletuesin q\u00eb p\u00ebrdorni duke ju mund\u00ebsuar komoditet dhe siguri kur vizitoni uebfaqen ton\u00eb. Gjithashtu, ju ofrojm\u00eb informacion mbi cookies q\u00eb p\u00ebrdoren nga ne, si p.sh. \u201cbanner cookie\u201d t\u00eb cilat mund\u00ebsojn\u00eb t\u00eb p\u00ebrzgjidhni preferencat tuaja. Ne e respektojm\u00eb privat\u00ebsin\u00eb tuaj dhe [&hellip;]<\/p>\n","protected":false},"author":1,"featured_media":0,"parent":0,"menu_order":0,"comment_status":"closed","ping_status":"closed","template":"","meta":{"_acf_changed":false,"inline_featured_image":false,"footnotes":""},"class_list":["post-127","page","type-page","status-publish","hentry"],"acf":[],"_links":{"self":[{"href":"https:\/\/join.lpp.com\/al\/wp-json\/wp\/v2\/pages\/127","targetHints":{"allow":["GET"]}}],"collection":[{"href":"https:\/\/join.lpp.com\/al\/wp-json\/wp\/v2\/pages"}],"about":[{"href":"https:\/\/join.lpp.com\/al\/wp-json\/wp\/v2\/types\/page"}],"author":[{"embeddable":true,"href":"https:\/\/join.lpp.com\/al\/wp-json\/wp\/v2\/users\/1"}],"replies":[{"embeddable":true,"href":"https:\/\/join.lpp.com\/al\/wp-json\/wp\/v2\/comments?post=127"}],"version-history":[{"count":1,"href":"https:\/\/join.lpp.com\/al\/wp-json\/wp\/v2\/pages\/127\/revisions"}],"predecessor-version":[{"id":129,"href":"https:\/\/join.lpp.com\/al\/wp-json\/wp\/v2\/pages\/127\/revisions\/129"}],"wp:attachment":[{"href":"https:\/\/join.lpp.com\/al\/wp-json\/wp\/v2\/media?parent=127"}],"curies":[{"name":"wp","href":"https:\/\/api.w.org\/{rel}","templated":true}]}}